{"id":185,"date":"2021-07-05T16:54:21","date_gmt":"2021-07-05T14:54:21","guid":{"rendered":"http:\/\/planetedauphins.com\/?post_type=product&#038;p=185"},"modified":"2026-04-30T06:53:40","modified_gmt":"2026-04-30T10:53:40","slug":"excursion-tortue-martinique","status":"publish","type":"product","link":"https:\/\/planetedauphins.com\/fr\/produit\/excursion-tortue-martinique\/","title":{"rendered":"Tortue &#038; dauphins martinique : sortie d\u00e9couverte &#8211; Apr\u00e8s midi"},"content":{"rendered":"[vc_row type=&#8221;full_width_background&#8221; full_screen_row_position=&#8221;middle&#8221; column_margin=&#8221;default&#8221; column_direction=&#8221;default&#8221; column_direction_tablet=&#8221;default&#8221; column_direction_phone=&#8221;default&#8221; bg_color=&#8221;#18374f&#8221; scene_position=&#8221;center&#8221; top_padding=&#8221;6%&#8221; bottom_padding=&#8221;5%&#8221; text_color=&#8221;light&#8221; text_align=&#8221;left&#8221; row_border_radius=&#8221;none&#8221; row_border_radius_applies=&#8221;bg&#8221; overflow=&#8221;visible&#8221; overlay_strength=&#8221;0.3&#8243; gradient_direction=&#8221;left_to_right&#8221; shape_divider_position=&#8221;bottom&#8221; bg_image_animation=&#8221;none&#8221; shape_type=&#8221;&#8221;][vc_column column_padding=&#8221;no-extra-padding&#8221; column_padding_tablet=&#8221;inherit&#8221; column_padding_phone=&#8221;inherit&#8221; column_padding_position=&#8221;all&#8221; column_element_direction_desktop=&#8221;default&#8221; column_element_spacing=&#8221;default&#8221; desktop_text_alignment=&#8221;default&#8221; tablet_text_alignment=&#8221;default&#8221; phone_text_alignment=&#8221;default&#8221; background_color_opacity=&#8221;1&#8243; background_hover_color_opacity=&#8221;1&#8243; column_backdrop_filter=&#8221;none&#8221; column_shadow=&#8221;none&#8221; column_border_radius=&#8221;none&#8221; column_link_target=&#8221;_self&#8221; column_position=&#8221;default&#8221; gradient_direction=&#8221;left_to_right&#8221; overlay_strength=&#8221;0.3&#8243; width=&#8221;1\/2&#8243; tablet_width_inherit=&#8221;default&#8221; animation_type=&#8221;default&#8221; bg_image_animation=&#8221;none&#8221; border_type=&#8221;simple&#8221; column_border_width=&#8221;none&#8221; column_border_style=&#8221;solid&#8221;][vc_column_text]\n<h2>Voir les tortues et dauphins en Martinique et les fonds marins<\/h2>\n[\/vc_column_text][vc_column_text]Embarquez sur nos bateaux pour une excursion en immersion totale en toute s\u00e9curit\u00e9, et vivez une exp\u00e9rience inoubliable avec les tortues marines de Martinique. Partez pour une apr\u00e8s-midi (13h-17h) \u00e0 la d\u00e9couverte des fonds marins et <strong>rencontrez les tortues marines de Martinique<\/strong>. Un moment magique vous attend en immersion dans l\u2019\u00e9cosyst\u00e8me riche et color\u00e9 que nous offre la Martinique.[\/vc_column_text][vc_column_text]\n<h2>D\u00e9couvrir les tortues marines et dauphins Martinique dans leur environnement naturel<\/h2>\n[\/vc_column_text][vc_column_text]Au d\u00e9part de l&#8217;Anse \u00e0 l&#8217;\u00e2ne, Trois-\u00celets, notre capitaine vous emm\u00e8nera vers la Mer des Cara\u00efbes en passant par le rocher du Diamant. D\u00e9couvrez durant cette excursion les r\u00e9cifs coraliens et les esp\u00e8ces qu\u2019ils abritent, une pause baignade se fera dans un site pris\u00e9 par les tortues de mer, un endroit riche en herbiers ce qui nous permet de pouvoir les observer dans leur lieu d\u2019alimentation. Notre d\u00e9marche veut que nous soyons des observateurs, il est donc tr\u00e8s important de rester dans une d\u00e9marche de respect de la faune et de la flore pour ne pas perturber leurs habitudes.<\/p>\n<p>Les maillots de bains sont fortement recommand\u00e9s, au risque de rater une baignade riche en \u00e9motions. Les \u00e9quipements comme les masques, les tubas et les palmes seront fournis par nos \u00e9quipes. Nous finirons cette apr\u00e8s-midi avec un moment de d\u00e9tente, boissons alcoolis\u00e9es ou non et collations au rendez-vous. Le retour est pr\u00e9vu aux alentours de 17h.[\/vc_column_text][toggles style=&#8221;minimal_small&#8221;][toggle color=&#8221;Default&#8221; heading_tag=&#8221;default&#8221; heading_tag_functionality=&#8221;default&#8221; title=&#8221;En savoir +&#8221;][vc_column_text]\n<h2>Tout ce qu&#8217;il faut connaitre sur la tortue martinique<\/h2>\n<p>La tortue marine de Martinique est une esp\u00e8ce menac\u00e9e que l&#8217;on trouve dans la mer des Cara\u00efbes. Les tortues peuvent \u00eatre identifi\u00e9es par leur carapace noire et verte. Elles mesurent g\u00e9n\u00e9ralement environ 60 cm de long et p\u00e8sent environ 45 kg. On les trouve dans les eaux peu profondes, o\u00f9 elles se nourrissent d&#8217;herbes marines et d&#8217;algues.<\/p>\n<p>La tortue de mer Martinique est importante pour l&#8217;environnement car elle contribue \u00e0 maintenir les herbiers marins en bonne sant\u00e9. Elles jouent \u00e9galement un r\u00f4le dans le maintien de l&#8217;\u00e9quilibre de l&#8217;\u00e9cosyst\u00e8me. Les oursins, par exemple, peuvent se multiplier et endommager les herbiers s&#8217;il n&#8217;y a pas de tortues pour les manger.<\/p>\n<p>Les tortues sont \u00e9galement importantes pour les humains. Elles constituent un \u00e9l\u00e9ment essentiel de la culture locale et du tourisme maritime. Les habitants des Cara\u00efbes ont, pendant des si\u00e8cles, consid\u00e9r\u00e9 les tortues comme des symboles de fertilit\u00e9 et de chance.<\/p>\n<h2>Les diff\u00e9rentes esp\u00e8ces de tortues en Martinique<\/h2>\n<p>Les diff\u00e9rentes esp\u00e8ces de tortues pr\u00e9sentes en Martinique sont la tortue verte, la tortue imbriqu\u00e9e, la tortue luth et la tortue caouanne. La tortue verte martinique est l&#8217;esp\u00e8ce la plus commune, suivie de la tortue imbriqu\u00e9e. La tortue caouanne est la moins r\u00e9pandue.<\/p>\n<p>Chacune de ces esp\u00e8ces poss\u00e8de ses propres caract\u00e9ristiques. La tortue verte est la plus grande des trois, et elle peut peser jusqu&#8217;\u00e0 250 kg. C&#8217;est aussi la plus lente des trois et elle pr\u00e9f\u00e8re vivre en eaux profondes. La tortue imbriqu\u00e9e est plus petite que la tortue verte et peut peser jusqu&#8217;\u00e0 100 kg. Elle nage rapidement et vit aussi bien dans les eaux peu profondes que dans les eaux profondes. La caouanne est plus grande que la tortue imbriqu\u00e9e mais plus petite que la tortue de mer verte. C&#8217;est la seule esp\u00e8ce qui pr\u00e9f\u00e8re vivre en eau douce, qu&#8217;elle p\u00e9n\u00e8tre par les estuaires.<\/p>\n<h2>Quelle est la p\u00e9riode des pontes de tortues en martinique ?<\/h2>\n<p>La p\u00e9riode de ponte des tortues en Martinique s&#8217;\u00e9tend d&#8217;avril \u00e0 octobre.La p\u00e9riode de ponte est suivie d&#8217;un repos hivernal, de novembre \u00e0 mars. Pendant cette p\u00e9riode de repos, les tortues parcourent de grandes distances autour de la mer des Cara\u00efbes sans se nourrir. Les femelles reviennent sur leur site de ponte tous les 2 ou 3 ans, selon l&#8217;esp\u00e8ce de tortue, et pondent 20 \u00e0 80 \u0153ufs par voyage.<\/p>\n<p>La femelle creuse un trou avec ses pattes arri\u00e8res et commence alors \u00e0 pondre les \u0153ufs. Habituellement, elle pond de 25 \u00e0 60 \u0153ufs \u00e0 la fois. Elle recouvre ensuite le trou avec du sable avant de retourner \u00e0 la mer.<\/p>\n<p>Les tortues viennent g\u00e9n\u00e9ralement en Martinique entre f\u00e9vrier et novembre, lorsque la nourriture est abondante, et il est donc facile de les voir. La nidification a lieu principalement la nuit, au clair de lune, entre avril et novembre.<\/p>\n<h2>Ou voir des tortues en martinique<\/h2>\n<p>Si vous souhaitez voir des tortues en Martinique, il y a quelques endroits o\u00f9 vous pouvez aller. L&#8217;endroit le plus courant pour les voir est sur la plage de Grande Anse D&#8217;Arlet. Il existe \u00e9galement une petit sanctuaire de tortues dans la ville de Trois Ilets.<\/p>\n<p>L&#8217;esp\u00e8ce la plus commune en Martinique, la tortue verte, peut souvent \u00eatre vue nageant dans les eaux c\u00f4ti\u00e8res peu profondes pr\u00e8s du rivage entre l&#8217;Anse Mitan et l&#8217;Anse Cafard. Lorsqu&#8217;elles sont jeunes, on les trouve surtout dans les eaux peu profondes, mais en vieillissant, elles passent plus de temps en eau profonde. Elles se nourrissent d&#8217;herbes marines et d&#8217;algues.<\/p>\n<p>La tortue imbriqu\u00e9e pr\u00e9f\u00e8re les baies plus prot\u00e9g\u00e9es du Carbet ou du Fran\u00e7ois, tandis qu&#8217;il est rare d&#8217;apercevoir une tortue caouanne ; on les trouve g\u00e9n\u00e9ralement entre 30 et 100 m de profondeur au large des c\u00f4tes de la Martinique.<\/p>\n<h2>Comment observer une tortue de martinique ?<\/h2>\n<p>Si vous avez de la chance, vous pourrez peut-\u00eatre apercevoir l&#8217;une des tortues de mer qui fr\u00e9quentent les eaux de la Martinique. Le moyen le plus simple de les voir est de faire une excursion tortue martinique qui est souvent propos\u00e9e depuis l&#8217;Anse \u00e0 l&#8217;\u00e2ne, ces <a href=\"https:\/\/planetedauphins.com\/fr\/\">excursions martinique<\/a> durent g\u00e9n\u00e9ralement environ deux heures et vous donnent la chance de voir les tortues nager.<\/p>\n<h2>La protection des tortues en Martinique<\/h2>\n<p>La Martinique abrite deux zones prot\u00e9g\u00e9es pour les tortues : une pour les tortues vertes et une autre pour les tortues imbriqu\u00e9es . La r\u00e9serve de biosph\u00e8re de Martinique, qui couvre les zones terrestres et marines adjacentes, abrite \u00e9galement ces tortues.<\/p>\n<p>La Martinique fait partie du Comit\u00e9 fran\u00e7ais de la conservation des tortues marines. Le Comit\u00e9 a \u00e9t\u00e9 fond\u00e9 en 1985 par des personnes int\u00e9ress\u00e9es par la conservation des tortues marines. Sa mission est d&#8217;\u00e9tudier et de prot\u00e9ger les esp\u00e8ces menac\u00e9es. Ses actions sont ax\u00e9es sur la recherche, l&#8217;\u00e9ducation et le suivi des tortues marines dans les Cara\u00efbes.[\/vc_column_text][\/toggle][\/toggles][\/vc_column][vc_column column_padding=&#8221;no-extra-padding&#8221; column_padding_tablet=&#8221;inherit&#8221; column_padding_phone=&#8221;inherit&#8221; column_padding_position=&#8221;all&#8221; column_element_direction_desktop=&#8221;default&#8221; column_element_spacing=&#8221;default&#8221; desktop_text_alignment=&#8221;default&#8221; tablet_text_alignment=&#8221;default&#8221; phone_text_alignment=&#8221;default&#8221; background_color_opacity=&#8221;1&#8243; background_hover_color_opacity=&#8221;1&#8243; column_backdrop_filter=&#8221;none&#8221; column_shadow=&#8221;none&#8221; column_border_radius=&#8221;none&#8221; column_link_target=&#8221;_self&#8221; column_position=&#8221;default&#8221; gradient_direction=&#8221;left_to_right&#8221; overlay_strength=&#8221;0.3&#8243; width=&#8221;1\/2&#8243; tablet_width_inherit=&#8221;default&#8221; animation_type=&#8221;default&#8221; bg_image_animation=&#8221;none&#8221; border_type=&#8221;simple&#8221; column_border_width=&#8221;none&#8221; column_border_style=&#8221;solid&#8221;][divider line_type=&#8221;No Line&#8221; custom_height=&#8221;80&#8243;][vc_column_text]\n<p style=\"font-size: 17px; font-weight: bold;\">Point de d\u00e9part<\/p>\n<p class=\"p1\"><span class=\"s1\">D\u00e9part L&#8217;Anse \u00e0 l&#8217;Ane \u00b7 Les Trois-\u00celets, Martinique<\/span><\/p>\n[\/vc_column_text][nectar_btn size=&#8221;small&#8221; open_new_tab=&#8221;true&#8221; button_style=&#8221;regular&#8221; button_color_2=&#8221;Accent-Color&#8221; color_override=&#8221;#ff6a6a&#8221; solid_text_color_override=&#8221;#ffffff&#8221; icon_family=&#8221;fontawesome&#8221; text=&#8221;Google Map&#8221; icon_fontawesome=&#8221;fa fa-location-arrow&#8221; url=&#8221;https:\/\/www.google.fr\/maps\/place\/L&#8217;Anse+%C3%A0+l&#8217;%C3%82ne\/@14.5418027,-61.0720968,17z\/data=!3m1!4b1!4m5!3m4!1s0x8c401dc07baf405f:0xdc443881cc709355!8m2!3d14.5419699!4d-61.0696984&#8243;][divider line_type=&#8221;No Line&#8221; custom_height=&#8221;20px&#8221;][vc_column_text]\n<p style=\"font-size: 17px; font-weight: bold;\">Itin\u00e9raire<\/p>\n[\/vc_column_text][image_with_animation image_url=&#8221;320&#8243; image_size=&#8221;full&#8221; animation_type=&#8221;entrance&#8221; animation=&#8221;Fade In&#8221; animation_easing=&#8221;default&#8221; animation_movement_type=&#8221;transform_y&#8221; hover_animation=&#8221;none&#8221; alignment=&#8221;&#8221; border_radius=&#8221;20px&#8221; box_shadow=&#8221;none&#8221; image_loading=&#8221;lazy-load&#8221; max_width=&#8221;100%&#8221; max_width_mobile=&#8221;default&#8221;][\/vc_column][\/vc_row][vc_row type=&#8221;in_container&#8221; full_screen_row_position=&#8221;middle&#8221; column_margin=&#8221;default&#8221; column_direction=&#8221;default&#8221; column_direction_tablet=&#8221;default&#8221; column_direction_phone=&#8221;default&#8221; scene_position=&#8221;center&#8221; text_color=&#8221;dark&#8221; text_align=&#8221;left&#8221; row_border_radius=&#8221;none&#8221; row_border_radius_applies=&#8221;bg&#8221; overflow=&#8221;visible&#8221; overlay_strength=&#8221;0.3&#8243; gradient_direction=&#8221;left_to_right&#8221; shape_divider_position=&#8221;bottom&#8221; bg_image_animation=&#8221;none&#8221;][vc_column column_padding=&#8221;no-extra-padding&#8221; column_padding_tablet=&#8221;inherit&#8221; column_padding_phone=&#8221;inherit&#8221; column_padding_position=&#8221;all&#8221; column_element_direction_desktop=&#8221;default&#8221; column_element_spacing=&#8221;default&#8221; desktop_text_alignment=&#8221;default&#8221; tablet_text_alignment=&#8221;default&#8221; phone_text_alignment=&#8221;default&#8221; background_color_opacity=&#8221;1&#8243; background_hover_color_opacity=&#8221;1&#8243; column_backdrop_filter=&#8221;none&#8221; font_color=&#8221;#000000&#8243; column_shadow=&#8221;none&#8221; column_border_radius=&#8221;none&#8221; column_link_target=&#8221;_self&#8221; column_position=&#8221;default&#8221; gradient_direction=&#8221;left_to_right&#8221; overlay_strength=&#8221;0.3&#8243; width=&#8221;1\/1&#8243; tablet_width_inherit=&#8221;default&#8221; animation_type=&#8221;default&#8221; bg_image_animation=&#8221;none&#8221; border_type=&#8221;simple&#8221; column_border_width=&#8221;none&#8221; column_border_style=&#8221;solid&#8221;][nectar_global_section id=&#8221;4294&#8243;][\/vc_column][\/vc_row]\n","protected":false},"excerpt":{"rendered":"<p>D\u00e9part l\u2019apr\u00e8s midi &#8211; 13 h &#8211; 17 h<\/p>\n<p><strong>Les r\u00e9servations doivent \u00eatre effectu\u00e9es 48 heures avant la date de sortie en mer.<\/strong><\/p>\n<p><strong> Les jours de r\u00e9servation sont susceptibles d\u2019\u00eatre modifi\u00e9s, et ne sont s\u00e9lectionn\u00e9s qu\u2019\u00e0 titre indicatif, n\u2019h\u00e9sitez pas \u00e0 vous rapprocher de nous en amont de votre r\u00e9servation ou d\u00e8s lors que celle-ci est confirm\u00e9e pour vous assurer de sa prise en charge en nous contactant au +596 696 78 95 15.\u00a0<\/strong><\/p>\n","protected":false},"featured_media":434,"template":"","meta":{"inline_featured_image":false},"product_brand":[],"product_cat":[19],"product_tag":[],"class_list":{"0":"post-185","1":"product","2":"type-product","3":"status-publish","4":"has-post-thumbnail","6":"product_cat-excursions-tortues","8":"first","9":"instock","10":"virtual","11":"sold-individually","12":"purchasable","13":"product-type-booking"},"exclude_global_add_ons":[],"addons":[],"yoast_head":"<!-- This site is optimized with the Yoast SEO plugin v27.5 - https:\/\/yoast.com\/product\/yoast-seo-wordpress\/ -->\n<title>Tortue martinique : Excursion en bateau \u00e0 la d\u00e9couverte des tortues<\/title>\n<meta name=\"description\" content=\"Plan\u00e8te Dauphins vous accompagne pour une exp\u00e9rience inoubliable avec les tortues marines de Martinique lors d&#039;une balade en bateau.\" \/>\n<meta name=\"robots\" content=\"index, follow, max-snippet:-1, max-image-preview:large, max-video-preview:-1\" \/>\n<link rel=\"canonical\" href=\"https:\/\/planetedauphins.com\/fr\/balade-bateau-tortue-martinique\/\" \/>\n<meta property=\"og:locale\" content=\"fr_FR\" \/>\n<meta property=\"og:type\" content=\"article\" \/>\n<meta property=\"og:title\" content=\"Tortue martinique : Excursion en bateau \u00e0 la d\u00e9couverte des tortues\" \/>\n<meta property=\"og:description\" content=\"Plan\u00e8te Dauphins vous accompagne pour une exp\u00e9rience inoubliable avec les tortues marines de Martinique lors d&#039;une balade en bateau.\" \/>\n<meta property=\"og:url\" content=\"https:\/\/planetedauphins.com\/fr\/balade-bateau-tortue-martinique\/\" \/>\n<meta property=\"og:site_name\" content=\"Plan\u00e8te dauphins\" \/>\n<meta property=\"article:modified_time\" content=\"2026-04-30T10:53:40+00:00\" \/>\n<meta property=\"og:image\" content=\"https:\/\/planetedauphins.com\/wp-content\/uploads\/2021\/08\/09072021-DJI_0080-2.jpg\" \/>\n\t<meta property=\"og:image:width\" content=\"1024\" \/>\n\t<meta property=\"og:image:height\" content=\"1537\" \/>\n\t<meta property=\"og:image:type\" content=\"image\/jpeg\" \/>\n<meta name=\"twitter:card\" content=\"summary_large_image\" \/>\n<meta name=\"twitter:label1\" content=\"Dur\u00e9e de lecture estim\u00e9e\" \/>\n\t<meta name=\"twitter:data1\" content=\"6 minutes\" \/>\n<!-- \/ Yoast SEO plugin. -->","yoast_head_json":{"title":"Tortue martinique : Excursion en bateau \u00e0 la d\u00e9couverte des tortues","description":"Plan\u00e8te Dauphins vous accompagne pour une exp\u00e9rience inoubliable avec les tortues marines de Martinique lors d'une balade en bateau.","robots":{"index":"index","follow":"follow","max-snippet":"max-snippet:-1","max-image-preview":"max-image-preview:large","max-video-preview":"max-video-preview:-1"},"canonical":"https:\/\/planetedauphins.com\/fr\/balade-bateau-tortue-martinique\/","og_locale":"fr_FR","og_type":"article","og_title":"Tortue martinique : Excursion en bateau \u00e0 la d\u00e9couverte des tortues","og_description":"Plan\u00e8te Dauphins vous accompagne pour une exp\u00e9rience inoubliable avec les tortues marines de Martinique lors d'une balade en bateau.","og_url":"https:\/\/planetedauphins.com\/fr\/balade-bateau-tortue-martinique\/","og_site_name":"Plan\u00e8te dauphins","article_modified_time":"2026-04-30T10:53:40+00:00","og_image":[{"width":1024,"height":1537,"url":"https:\/\/planetedauphins.com\/wp-content\/uploads\/2021\/08\/09072021-DJI_0080-2.jpg","type":"image\/jpeg"}],"twitter_card":"summary_large_image","twitter_misc":{"Dur\u00e9e de lecture estim\u00e9e":"6 minutes"},"schema":{"@context":"https:\/\/schema.org","@graph":[{"@type":"WebPage","@id":"https:\/\/planetedauphins.com\/fr\/produit\/excursion-tortue-martinique\/","url":"https:\/\/planetedauphins.com\/fr\/balade-bateau-tortue-martinique\/","name":"Tortue martinique : Excursion en bateau \u00e0 la d\u00e9couverte des tortues","isPartOf":{"@id":"https:\/\/planetedauphins.com\/fr\/#website"},"primaryImageOfPage":{"@id":"https:\/\/planetedauphins.com\/fr\/balade-bateau-tortue-martinique\/#primaryimage"},"image":{"@id":"https:\/\/planetedauphins.com\/fr\/balade-bateau-tortue-martinique\/#primaryimage"},"thumbnailUrl":"https:\/\/planetedauphins.com\/wp-content\/uploads\/2021\/08\/09072021-DJI_0080-2.jpg","datePublished":"2021-07-05T14:54:21+00:00","dateModified":"2026-04-30T10:53:40+00:00","description":"Plan\u00e8te Dauphins vous accompagne pour une exp\u00e9rience inoubliable avec les tortues marines de Martinique lors d'une balade en bateau.","breadcrumb":{"@id":"https:\/\/planetedauphins.com\/fr\/balade-bateau-tortue-martinique\/#breadcrumb"},"inLanguage":"fr-FR","potentialAction":[{"@type":"ReadAction","target":["https:\/\/planetedauphins.com\/fr\/balade-bateau-tortue-martinique\/"]}]},{"@type":"ImageObject","inLanguage":"fr-FR","@id":"https:\/\/planetedauphins.com\/fr\/balade-bateau-tortue-martinique\/#primaryimage","url":"https:\/\/planetedauphins.com\/wp-content\/uploads\/2021\/08\/09072021-DJI_0080-2.jpg","contentUrl":"https:\/\/planetedauphins.com\/wp-content\/uploads\/2021\/08\/09072021-DJI_0080-2.jpg","width":1024,"height":1537,"caption":"sortie-bateau-planete-dauphins"},{"@type":"BreadcrumbList","@id":"https:\/\/planetedauphins.com\/fr\/balade-bateau-tortue-martinique\/#breadcrumb","itemListElement":[{"@type":"ListItem","position":1,"name":"Home","item":"https:\/\/planetedauphins.com\/"},{"@type":"ListItem","position":2,"name":"Boutique","item":"https:\/\/planetedauphins.com\/fr\/boutique\/"},{"@type":"ListItem","position":3,"name":"Tortue &#038; dauphins martinique : sortie d\u00e9couverte &#8211; Apr\u00e8s midi"}]},{"@type":"WebSite","@id":"https:\/\/planetedauphins.com\/fr\/#website","url":"https:\/\/planetedauphins.com\/fr\/","name":"Plan\u00e8te dauphins","description":"","publisher":{"@id":"https:\/\/planetedauphins.com\/fr\/#organization"},"potentialAction":[{"@type":"SearchAction","target":{"@type":"EntryPoint","urlTemplate":"https:\/\/planetedauphins.com\/fr\/?s={search_term_string}"},"query-input":{"@type":"PropertyValueSpecification","valueRequired":true,"valueName":"search_term_string"}}],"inLanguage":"fr-FR"},{"@type":"Organization","@id":"https:\/\/planetedauphins.com\/fr\/#organization","name":"Plan\u00e8te Dauphins","url":"https:\/\/planetedauphins.com\/fr\/","logo":{"@type":"ImageObject","inLanguage":"fr-FR","@id":"https:\/\/planetedauphins.com\/fr\/#\/schema\/logo\/image\/","url":"https:\/\/planetedauphins.com\/wp-content\/uploads\/2021\/07\/Logo-planete-dauphins-1.svg","contentUrl":"https:\/\/planetedauphins.com\/wp-content\/uploads\/2021\/07\/Logo-planete-dauphins-1.svg","width":253,"height":62,"caption":"Plan\u00e8te Dauphins"},"image":{"@id":"https:\/\/planetedauphins.com\/fr\/#\/schema\/logo\/image\/"}}]}},"_links":{"self":[{"href":"https:\/\/planetedauphins.com\/fr\/wp-json\/wp\/v2\/product\/185","targetHints":{"allow":["GET"]}}],"collection":[{"href":"https:\/\/planetedauphins.com\/fr\/wp-json\/wp\/v2\/product"}],"about":[{"href":"https:\/\/planetedauphins.com\/fr\/wp-json\/wp\/v2\/types\/product"}],"wp:featuredmedia":[{"embeddable":true,"href":"https:\/\/planetedauphins.com\/fr\/wp-json\/wp\/v2\/media\/434"}],"wp:attachment":[{"href":"https:\/\/planetedauphins.com\/fr\/wp-json\/wp\/v2\/media?parent=185"}],"wp:term":[{"taxonomy":"product_brand","embeddable":true,"href":"https:\/\/planetedauphins.com\/fr\/wp-json\/wp\/v2\/product_brand?post=185"},{"taxonomy":"product_cat","embeddable":true,"href":"https:\/\/planetedauphins.com\/fr\/wp-json\/wp\/v2\/product_cat?post=185"},{"taxonomy":"product_tag","embeddable":true,"href":"https:\/\/planetedauphins.com\/fr\/wp-json\/wp\/v2\/product_tag?post=185"}],"curies":[{"name":"wp","href":"https:\/\/api.w.org\/{rel}","templated":true}]}}