{"id":343,"date":"2021-07-28T09:44:52","date_gmt":"2021-07-28T07:44:52","guid":{"rendered":"https:\/\/planetedauphins.com\/?page_id=343"},"modified":"2026-01-07T12:56:47","modified_gmt":"2026-01-07T16:56:47","slug":"mentions-legales","status":"publish","type":"page","link":"https:\/\/planetedauphins.com\/fr\/mentions-legales\/","title":{"rendered":"Mentions L\u00e9gales"},"content":{"rendered":"[vc_row type=&#8221;in_container&#8221; full_screen_row_position=&#8221;middle&#8221; column_margin=&#8221;default&#8221; column_direction=&#8221;default&#8221; column_direction_tablet=&#8221;default&#8221; column_direction_phone=&#8221;default&#8221; scene_position=&#8221;center&#8221; top_padding=&#8221;5%&#8221; bottom_padding=&#8221;10%&#8221; text_color=&#8221;dark&#8221; text_align=&#8221;left&#8221; row_border_radius=&#8221;none&#8221; row_border_radius_applies=&#8221;bg&#8221; row_position_desktop=&#8221;default&#8221; row_position_tablet=&#8221;inherit&#8221; row_position_phone=&#8221;inherit&#8221; overflow=&#8221;visible&#8221; overlay_strength=&#8221;0.3&#8243; gradient_direction=&#8221;left_to_right&#8221; shape_divider_position=&#8221;bottom&#8221; bg_image_animation=&#8221;none&#8221; shape_type=&#8221;&#8221;][vc_column column_padding=&#8221;no-extra-padding&#8221; column_padding_tablet=&#8221;inherit&#8221; column_padding_phone=&#8221;inherit&#8221; column_padding_position=&#8221;all&#8221; flex_gap_desktop=&#8221;10px&#8221; column_element_direction_desktop=&#8221;default&#8221; column_element_spacing=&#8221;default&#8221; desktop_text_alignment=&#8221;default&#8221; tablet_text_alignment=&#8221;default&#8221; phone_text_alignment=&#8221;default&#8221; background_color_opacity=&#8221;1&#8243; background_hover_color_opacity=&#8221;1&#8243; column_backdrop_filter=&#8221;none&#8221; column_shadow=&#8221;none&#8221; column_border_radius=&#8221;none&#8221; column_link_target=&#8221;_self&#8221; column_position=&#8221;default&#8221; gradient_direction=&#8221;left_to_right&#8221; overlay_strength=&#8221;0.3&#8243; width=&#8221;1\/1&#8243; tablet_width_inherit=&#8221;default&#8221; animation_type=&#8221;default&#8221; bg_image_animation=&#8221;none&#8221; border_type=&#8221;simple&#8221; column_border_width=&#8221;none&#8221; column_border_style=&#8221;solid&#8221;][vc_column_text css=&#8221;&#8221; text_direction=&#8221;default&#8221;]\n<h1>Mentions l\u00e9gales<\/h1>\n<h2>Le site planetedauphins.com est \u00e9dit\u00e9 par<\/h2>\n<p>NATURE KAYAKS ET DECOUVERTES SARL, soci\u00e9t\u00e9 fran\u00e7aise au capital de 7 650,00 \u20ac.<br \/>Adresse du si\u00e8ge social : 31 B LOT LES IBIS DISTILLERIE TROIS RIVIERES, 97215 RIVIERE-SALEE<br \/>immatricul\u00e9e au Registre du Commerce et des Soci\u00e9t\u00e9s de Fort-de-France sous le num\u00e9ro 444 155 360 <br \/>Code NAF : 5010Z<br \/>Num\u00e9ro de TVA intracommunautaire : FR81444155360 <br \/>T\u00e9l\u00e9phone : 08 92 97 65 22<br \/>Adresse de courrier \u00e9lectronique :<\/p>\n<h2>Directeur de la publication<\/h2>\n<p>Elena Betes Novoa, Pr\u00e9sidente de Plan\u00e8te Dauphin SAS.<\/p>\n<h2>Le site planetedauphins.com est h\u00e9berg\u00e9 par<\/h2>\n<p>Ecritel<br \/>SARL au capital de 2.325.000 \u20ac<br \/>Adresse du si\u00e8ge social : 51 rue Le Peletier, 75009 Paris \u2013 France<br \/>RCS Paris B 332 484 021<br \/>Adresse de courrier \u00e9lectronique : contact@ecritel.net<br \/>Num\u00e9ro de t\u00e9l\u00e9phone : +33 1 40 61 20 00<\/p>\n<h2>Droits de propri\u00e9t\u00e9 intellectuelle<\/h2>\n<p>La structure g\u00e9n\u00e9rale, ainsi que les textes, images anim\u00e9es ou fixes, son, dessins, photographies, logos, marques graphisme et tout autre \u00e9l\u00e9ment composant le site, sont soit la propri\u00e9t\u00e9 de l\u2019\u00c9diteur, soit la propri\u00e9t\u00e9 de tiers ayant donn\u00e9 leur accord \u00e0 une reproduction sur le site planetedauphins.com.<\/p>\n<p>La repr\u00e9sentation, totale ou partielle de ce site, par quelque proc\u00e9d\u00e9 que ce soit, et\/ou des \u00e9l\u00e9ments y figurant, sans autorisation expresse et pr\u00e9alable de l\u2019\u00c9diteur, est interdite, et constituerait une contrefa\u00e7on sanctionn\u00e9e par les articles L 335-2 et suivants du Code de la propri\u00e9t\u00e9 intellectuelle.<\/p>\n<p>Toute reproduction et\/ou repr\u00e9sentation et\/ou rediffusion, en tout ou partie, sur tout support \u00e9lectronique ou non, pr\u00e9sent ou futur, sont interdites sauf autorisation expresse et pr\u00e9alable. Toutes les demandes de reproduction et\/ou repr\u00e9sentation et\/ou rediffusion doivent \u00eatre envoy\u00e9es \u00e0 l\u2019adresse email: redaction@planetedauphins.com.<\/p>\n<p>De m\u00eame, les bases de donn\u00e9es d\u2019informations sont prot\u00e9g\u00e9es. Toute extraction ou tentative d\u2019extraction, fut- elle totale ou partielle, est susceptible d\u2019engager les responsabilit\u00e9s civile et p\u00e9nale de tout contrevenant. Les particuliers sont autoris\u00e9s \u00e0 utiliser le site dans un cadre strictement priv\u00e9 en respectant les conditions suivantes :<\/p>\n<p>le mat\u00e9riel imprim\u00e9 ne peut \u00eatre utilis\u00e9 \u00e0 des fins commerciales ;<br \/>toute copie effectu\u00e9e garde les m\u00eames droits de copyright que le mat\u00e9riel original ;<br \/>la technologie et les proc\u00e9d\u00e9s utilis\u00e9s dans le site peuvent \u00eatre sujets \u00e0 d\u2019autres droits de propri\u00e9t\u00e9 intellectuelle appartenant \u00e0 Plan\u00e8te Dauphins ;<br \/>les images diffus\u00e9es sur le site sont prot\u00e9g\u00e9es et ne peuvent \u00eatre reproduites sans le consentement \u00e9crit de leur propri\u00e9taire ;<br \/>aucun logo ou aucune marque commerciale apparaissant sur le site ne peut \u00eatre imprim\u00e9 ou copi\u00e9 sauf en tant qu\u2019illustration faisant partie d\u2019un texte.<\/p>\n<p>Tous les droits de Plan\u00e8te Dauphins r\u00e9serv\u00e9s.<\/p>\n[\/vc_column_text][\/vc_column][\/vc_row]\n","protected":false},"excerpt":{"rendered":"<p>[vc_row type=&#8221;in_container&#8221; full_screen_row_position=&#8221;middle&#8221; column_margin=&#8221;default&#8221; column_direction=&#8221;default&#8221; column_direction_tablet=&#8221;default&#8221; column_direction_phone=&#8221;default&#8221; scene_position=&#8221;center&#8221; top_padding=&#8221;5%&#8221; bottom_padding=&#8221;10%&#8221; text_color=&#8221;dark&#8221; text_align=&#8221;left&#8221; row_border_radius=&#8221;none&#8221; row_border_radius_applies=&#8221;bg&#8221; row_position_desktop=&#8221;default&#8221; row_position_tablet=&#8221;inherit&#8221; row_position_phone=&#8221;inherit&#8221; overflow=&#8221;visible&#8221; overlay_strength=&#8221;0.3&#8243; gradient_direction=&#8221;left_to_right&#8221; shape_divider_position=&#8221;bottom&#8221; bg_image_animation=&#8221;none&#8221; shape_type=&#8221;&#8221;][vc_column column_padding=&#8221;no-extra-padding&#8221; column_padding_tablet=&#8221;inherit&#8221; column_padding_phone=&#8221;inherit&#8221; column_padding_position=&#8221;all&#8221; flex_gap_desktop=&#8221;10px&#8221; column_element_direction_desktop=&#8221;default&#8221; column_element_spacing=&#8221;default&#8221;&#8230;<\/p>\n","protected":false},"author":1,"featured_media":0,"parent":0,"menu_order":0,"comment_status":"closed","ping_status":"closed","template":"","meta":{"inline_featured_image":false,"footnotes":""},"class_list":["post-343","page","type-page","status-publish"],"yoast_head":"<!-- This site is optimized with the Yoast SEO plugin v27.5 - https:\/\/yoast.com\/product\/yoast-seo-wordpress\/ -->\n<title>Mentions L\u00e9gales - Plan\u00e8te dauphins<\/title>\n<meta name=\"robots\" content=\"noindex, nofollow\" \/>\n<meta property=\"og:locale\" content=\"fr_FR\" \/>\n<meta property=\"og:type\" content=\"article\" \/>\n<meta property=\"og:title\" content=\"Mentions L\u00e9gales - Plan\u00e8te dauphins\" \/>\n<meta property=\"og:description\" content=\"[vc_row type=&#8221;in_container&#8221; full_screen_row_position=&#8221;middle&#8221; column_margin=&#8221;default&#8221; column_direction=&#8221;default&#8221; column_direction_tablet=&#8221;default&#8221; column_direction_phone=&#8221;default&#8221; scene_position=&#8221;center&#8221; top_padding=&#8221;5%&#8221; bottom_padding=&#8221;10%&#8221; text_color=&#8221;dark&#8221; text_align=&#8221;left&#8221; row_border_radius=&#8221;none&#8221; row_border_radius_applies=&#8221;bg&#8221; row_position_desktop=&#8221;default&#8221; row_position_tablet=&#8221;inherit&#8221; row_position_phone=&#8221;inherit&#8221; overflow=&#8221;visible&#8221; overlay_strength=&#8221;0.3&#8243; gradient_direction=&#8221;left_to_right&#8221; shape_divider_position=&#8221;bottom&#8221; bg_image_animation=&#8221;none&#8221; shape_type=&#8221;&#8221;][vc_column column_padding=&#8221;no-extra-padding&#8221; column_padding_tablet=&#8221;inherit&#8221; column_padding_phone=&#8221;inherit&#8221; column_padding_position=&#8221;all&#8221; flex_gap_desktop=&#8221;10px&#8221; column_element_direction_desktop=&#8221;default&#8221; column_element_spacing=&#8221;default&#8221;...\" \/>\n<meta property=\"og:url\" content=\"https:\/\/planetedauphins.com\/fr\/mentions-legales\/\" \/>\n<meta property=\"og:site_name\" content=\"Plan\u00e8te dauphins\" \/>\n<meta property=\"article:modified_time\" content=\"2026-01-07T16:56:47+00:00\" \/>\n<meta name=\"twitter:card\" content=\"summary_large_image\" \/>\n<meta name=\"twitter:label1\" content=\"Dur\u00e9e de lecture estim\u00e9e\" \/>\n\t<meta name=\"twitter:data1\" content=\"3 minutes\" \/>\n<!-- \/ Yoast SEO plugin. -->","yoast_head_json":{"title":"Mentions L\u00e9gales - Plan\u00e8te dauphins","robots":{"index":"noindex","follow":"nofollow"},"og_locale":"fr_FR","og_type":"article","og_title":"Mentions L\u00e9gales - Plan\u00e8te dauphins","og_description":"[vc_row type=&#8221;in_container&#8221; full_screen_row_position=&#8221;middle&#8221; column_margin=&#8221;default&#8221; column_direction=&#8221;default&#8221; column_direction_tablet=&#8221;default&#8221; column_direction_phone=&#8221;default&#8221; scene_position=&#8221;center&#8221; top_padding=&#8221;5%&#8221; bottom_padding=&#8221;10%&#8221; text_color=&#8221;dark&#8221; text_align=&#8221;left&#8221; row_border_radius=&#8221;none&#8221; row_border_radius_applies=&#8221;bg&#8221; row_position_desktop=&#8221;default&#8221; row_position_tablet=&#8221;inherit&#8221; row_position_phone=&#8221;inherit&#8221; overflow=&#8221;visible&#8221; overlay_strength=&#8221;0.3&#8243; gradient_direction=&#8221;left_to_right&#8221; shape_divider_position=&#8221;bottom&#8221; bg_image_animation=&#8221;none&#8221; shape_type=&#8221;&#8221;][vc_column column_padding=&#8221;no-extra-padding&#8221; column_padding_tablet=&#8221;inherit&#8221; column_padding_phone=&#8221;inherit&#8221; column_padding_position=&#8221;all&#8221; flex_gap_desktop=&#8221;10px&#8221; column_element_direction_desktop=&#8221;default&#8221; column_element_spacing=&#8221;default&#8221;...","og_url":"https:\/\/planetedauphins.com\/fr\/mentions-legales\/","og_site_name":"Plan\u00e8te dauphins","article_modified_time":"2026-01-07T16:56:47+00:00","twitter_card":"summary_large_image","twitter_misc":{"Dur\u00e9e de lecture estim\u00e9e":"3 minutes"},"schema":{"@context":"https:\/\/schema.org","@graph":[{"@type":"WebPage","@id":"https:\/\/planetedauphins.com\/fr\/mentions-legales\/","url":"https:\/\/planetedauphins.com\/fr\/mentions-legales\/","name":"Mentions L\u00e9gales - Plan\u00e8te dauphins","isPartOf":{"@id":"https:\/\/planetedauphins.com\/fr\/#website"},"datePublished":"2021-07-28T07:44:52+00:00","dateModified":"2026-01-07T16:56:47+00:00","breadcrumb":{"@id":"https:\/\/planetedauphins.com\/fr\/mentions-legales\/#breadcrumb"},"inLanguage":"fr-FR","potentialAction":[{"@type":"ReadAction","target":["https:\/\/planetedauphins.com\/fr\/mentions-legales\/"]}]},{"@type":"BreadcrumbList","@id":"https:\/\/planetedauphins.com\/fr\/mentions-legales\/#breadcrumb","itemListElement":[{"@type":"ListItem","position":1,"name":"Home","item":"https:\/\/planetedauphins.com\/"},{"@type":"ListItem","position":2,"name":"Mentions L\u00e9gales"}]},{"@type":"WebSite","@id":"https:\/\/planetedauphins.com\/fr\/#website","url":"https:\/\/planetedauphins.com\/fr\/","name":"Plan\u00e8te dauphins","description":"","publisher":{"@id":"https:\/\/planetedauphins.com\/fr\/#organization"},"potentialAction":[{"@type":"SearchAction","target":{"@type":"EntryPoint","urlTemplate":"https:\/\/planetedauphins.com\/fr\/?s={search_term_string}"},"query-input":{"@type":"PropertyValueSpecification","valueRequired":true,"valueName":"search_term_string"}}],"inLanguage":"fr-FR"},{"@type":"Organization","@id":"https:\/\/planetedauphins.com\/fr\/#organization","name":"Plan\u00e8te Dauphins","url":"https:\/\/planetedauphins.com\/fr\/","logo":{"@type":"ImageObject","inLanguage":"fr-FR","@id":"https:\/\/planetedauphins.com\/fr\/#\/schema\/logo\/image\/","url":"https:\/\/planetedauphins.com\/wp-content\/uploads\/2021\/07\/Logo-planete-dauphins-1.svg","contentUrl":"https:\/\/planetedauphins.com\/wp-content\/uploads\/2021\/07\/Logo-planete-dauphins-1.svg","width":253,"height":62,"caption":"Plan\u00e8te Dauphins"},"image":{"@id":"https:\/\/planetedauphins.com\/fr\/#\/schema\/logo\/image\/"}}]}},"_links":{"self":[{"href":"https:\/\/planetedauphins.com\/fr\/wp-json\/wp\/v2\/pages\/343","targetHints":{"allow":["GET"]}}],"collection":[{"href":"https:\/\/planetedauphins.com\/fr\/wp-json\/wp\/v2\/pages"}],"about":[{"href":"https:\/\/planetedauphins.com\/fr\/wp-json\/wp\/v2\/types\/page"}],"author":[{"embeddable":true,"href":"https:\/\/planetedauphins.com\/fr\/wp-json\/wp\/v2\/users\/1"}],"replies":[{"embeddable":true,"href":"https:\/\/planetedauphins.com\/fr\/wp-json\/wp\/v2\/comments?post=343"}],"version-history":[{"count":10,"href":"https:\/\/planetedauphins.com\/fr\/wp-json\/wp\/v2\/pages\/343\/revisions"}],"predecessor-version":[{"id":33311,"href":"https:\/\/planetedauphins.com\/fr\/wp-json\/wp\/v2\/pages\/343\/revisions\/33311"}],"wp:attachment":[{"href":"https:\/\/planetedauphins.com\/fr\/wp-json\/wp\/v2\/media?parent=343"}],"curies":[{"name":"wp","href":"https:\/\/api.w.org\/{rel}","templated":true}]}}