{"id":30614,"date":"2025-09-25T09:40:07","date_gmt":"2025-09-25T13:40:07","guid":{"rendered":"https:\/\/planetedauphins.com\/?page_id=30614"},"modified":"2025-09-25T10:26:43","modified_gmt":"2025-09-25T14:26:43","slug":"entre-plages-nature-et-rencontre-des-dauphins","status":"publish","type":"page","link":"https:\/\/planetedauphins.com\/fr\/entre-plages-nature-et-rencontre-des-dauphins\/","title":{"rendered":"Entre plages, nature et rencontre des dauphins\u202f: un s\u00e9jour sur mesure en Martinique"},"content":{"rendered":"[vc_row type=&#8221;in_container&#8221; full_screen_row_position=&#8221;middle&#8221; column_margin=&#8221;default&#8221; column_direction=&#8221;default&#8221; column_direction_tablet=&#8221;default&#8221; column_direction_phone=&#8221;default&#8221; scene_position=&#8221;center&#8221; text_color=&#8221;dark&#8221; text_align=&#8221;left&#8221; row_border_radius=&#8221;none&#8221; row_border_radius_applies=&#8221;bg&#8221; overflow=&#8221;visible&#8221; overlay_strength=&#8221;0.3&#8243; gradient_direction=&#8221;left_to_right&#8221; shape_divider_position=&#8221;bottom&#8221; bg_image_animation=&#8221;none&#8221;][vc_column column_padding=&#8221;padding-3-percent&#8221; column_padding_tablet=&#8221;inherit&#8221; column_padding_phone=&#8221;inherit&#8221; column_padding_position=&#8221;top-bottom&#8221; column_element_direction_desktop=&#8221;default&#8221; column_element_spacing=&#8221;default&#8221; desktop_text_alignment=&#8221;default&#8221; tablet_text_alignment=&#8221;default&#8221; phone_text_alignment=&#8221;default&#8221; background_color_opacity=&#8221;1&#8243; background_hover_color_opacity=&#8221;1&#8243; column_backdrop_filter=&#8221;none&#8221; column_shadow=&#8221;none&#8221; column_border_radius=&#8221;none&#8221; column_link_target=&#8221;_self&#8221; column_position=&#8221;default&#8221; gradient_direction=&#8221;left_to_right&#8221; overlay_strength=&#8221;0.3&#8243; width=&#8221;1\/1&#8243; tablet_width_inherit=&#8221;default&#8221; animation_type=&#8221;default&#8221; bg_image_animation=&#8221;none&#8221; border_type=&#8221;simple&#8221; column_border_width=&#8221;none&#8221; column_border_style=&#8221;solid&#8221; column_padding_type=&#8221;default&#8221; gradient_type=&#8221;default&#8221;][nectar_highlighted_text color_type=&#8221;regular&#8221; style=&#8221;half_text&#8221; text_direction=&#8221;default&#8221;]\n<h1 style=\"text-align: center;\"><em>Entre plages, nature et rencontre des dauphins\u202f: <\/em> un s\u00e9jour sur mesure en Martinique.<\/h1>\n[\/nectar_highlighted_text][\/vc_column][\/vc_row][vc_row type=&#8221;in_container&#8221; full_screen_row_position=&#8221;middle&#8221; column_margin=&#8221;default&#8221; column_direction=&#8221;default&#8221; column_direction_tablet=&#8221;default&#8221; column_direction_phone=&#8221;default&#8221; scene_position=&#8221;center&#8221; text_color=&#8221;dark&#8221; text_align=&#8221;left&#8221; row_border_radius=&#8221;none&#8221; row_border_radius_applies=&#8221;bg&#8221; overflow=&#8221;visible&#8221; overlay_strength=&#8221;0.3&#8243; gradient_direction=&#8221;left_to_right&#8221; shape_divider_position=&#8221;bottom&#8221; bg_image_animation=&#8221;none&#8221;][vc_column column_padding=&#8221;no-extra-padding&#8221; column_padding_tablet=&#8221;inherit&#8221; column_padding_phone=&#8221;inherit&#8221; column_padding_position=&#8221;all&#8221; column_element_direction_desktop=&#8221;default&#8221; column_element_spacing=&#8221;default&#8221; desktop_text_alignment=&#8221;default&#8221; tablet_text_alignment=&#8221;default&#8221; phone_text_alignment=&#8221;default&#8221; background_color_opacity=&#8221;1&#8243; background_hover_color_opacity=&#8221;1&#8243; column_backdrop_filter=&#8221;none&#8221; column_shadow=&#8221;none&#8221; column_border_radius=&#8221;none&#8221; column_link_target=&#8221;_self&#8221; column_position=&#8221;default&#8221; gradient_direction=&#8221;left_to_right&#8221; overlay_strength=&#8221;0.3&#8243; width=&#8221;1\/1&#8243; tablet_width_inherit=&#8221;default&#8221; animation_type=&#8221;default&#8221; bg_image_animation=&#8221;none&#8221; border_type=&#8221;simple&#8221; column_border_width=&#8221;none&#8221; column_border_style=&#8221;solid&#8221;][vc_column_text css=&#8221;&#8221; text_direction=&#8221;default&#8221;]<span style=\"font-weight: 400;\">Alors que l\u2019hiver s\u2019installe en m\u00e9tropole, la Martinique attire avec ses paysages tropicaux et sa douceur de vivre. D\u00e8s votre arriv\u00e9e <\/span><span style=\"font-weight: 400;\">\u00e0 l\u2019a\u00e9roport Aim\u00e9 C\u00e9saire, louer une voiture<\/span><span style=\"font-weight: 400;\"> vous permet de poser vos valises \u00e0 l\u2019h\u00e9bergement de votre choix, puis de profiter de la libert\u00e9 d\u2019explorer l\u2019\u00eele \u00e0 votre rythme.<\/span>[\/vc_column_text][\/vc_column][\/vc_row][vc_row type=&#8221;in_container&#8221; full_screen_row_position=&#8221;middle&#8221; column_margin=&#8221;40px&#8221; equal_height=&#8221;yes&#8221; content_placement=&#8221;middle&#8221; column_direction=&#8221;default&#8221; column_direction_tablet=&#8221;default&#8221; column_direction_phone=&#8221;default&#8221; scene_position=&#8221;center&#8221; text_color=&#8221;dark&#8221; text_align=&#8221;left&#8221; row_border_radius=&#8221;none&#8221; row_border_radius_applies=&#8221;bg&#8221; overflow=&#8221;visible&#8221; overlay_strength=&#8221;0.3&#8243; gradient_direction=&#8221;left_to_right&#8221; shape_divider_position=&#8221;bottom&#8221; bg_image_animation=&#8221;none&#8221; gradient_type=&#8221;default&#8221; shape_type=&#8221;&#8221;][vc_column column_padding=&#8221;no-extra-padding&#8221; column_padding_tablet=&#8221;inherit&#8221; column_padding_phone=&#8221;inherit&#8221; column_padding_position=&#8221;all&#8221; column_element_direction_desktop=&#8221;default&#8221; column_element_spacing=&#8221;default&#8221; desktop_text_alignment=&#8221;default&#8221; tablet_text_alignment=&#8221;default&#8221; phone_text_alignment=&#8221;default&#8221; background_color_opacity=&#8221;1&#8243; background_hover_color_opacity=&#8221;1&#8243; column_backdrop_filter=&#8221;none&#8221; column_shadow=&#8221;none&#8221; column_border_radius=&#8221;none&#8221; column_link_target=&#8221;_self&#8221; column_position=&#8221;default&#8221; gradient_direction=&#8221;left_to_right&#8221; overlay_strength=&#8221;0.3&#8243; width=&#8221;1\/2&#8243; tablet_width_inherit=&#8221;default&#8221; animation_type=&#8221;default&#8221; bg_image_animation=&#8221;none&#8221; border_type=&#8221;simple&#8221; column_border_width=&#8221;none&#8221; column_border_style=&#8221;solid&#8221;][vc_column_text css=&#8221;&#8221; text_direction=&#8221;default&#8221;]\n<h2><b>Organisez vos journ\u00e9es comme vous l\u2019aimez<\/b><\/h2>\n<p><span style=\"font-weight: 400;\">Le grand plus d\u2019une voiture de location\u202f? La possibilit\u00e9 de composer un programme personnalis\u00e9 pour savourer l\u2019\u00eele. On commence souvent par prendre le temps de se reposer, de s\u2019immerger sur une plage paradisiaque, de go\u00fbter aux sp\u00e9cialit\u00e9s locales et de s\u2019impr\u00e9gner de l\u2019ambiance cr\u00e9ole des villages.<\/span><\/p>\n<p><span style=\"font-weight: 400;\">Vient ensuite le moment de planifier les excursions hors du commun\u202f: au fil des jours, la route m\u00e8ne aussi bien vers la for\u00eat tropicale et la Montagne Pel\u00e9e que vers les ports de d\u00e9part des sorties en mer, comme celles organis\u00e9es par Plan\u00e8te Dauphin. <a href=\"https:\/\/planetedauphins.com\/fr\/balade-bateau-dauphin-martinique\/\">Observer les dauphins<\/a> et tortues devient alors une \u00e9tape-phare du s\u00e9jour, \u00e0 ins\u00e9rer au moment qui convient le mieux \u00e0 votre itin\u00e9raire.<\/span>[\/vc_column_text][vc_column_text css=&#8221;&#8221; text_direction=&#8221;default&#8221;]\n<h2><b>Terre et mer, \u00e0 votre rythme<\/b><\/h2>\n<ul>\n<li style=\"font-weight: 400;\" aria-level=\"1\"><span style=\"font-weight: 400;\">Acc\u00e9dez confortablement \u00e0 de multiples plages et sites naturels gr\u00e2ce \u00e0 la voiture.<\/span><\/li>\n<li style=\"font-weight: 400;\" aria-level=\"1\"><span style=\"font-weight: 400;\">Explorez les march\u00e9s, les sentiers de randonn\u00e9e et les villages typiques selon vos envies.<\/span><\/li>\n<li style=\"font-weight: 400;\" aria-level=\"1\"><span style=\"font-weight: 400;\"><a href=\"https:\/\/planetedauphins.com\/fr\/produit\/excursion-dauphin-martinique\/\">R\u00e9servez facilement une sortie Plan\u00e8te Dauphin pour une demi-journ\u00e9e<\/a>, en faisant le trajet jusqu\u2019au port en voiture sans contrainte, quand bon vous semble.<\/span><\/li>\n<\/ul>\n[\/vc_column_text][\/vc_column][vc_column column_padding=&#8221;no-extra-padding&#8221; column_padding_tablet=&#8221;inherit&#8221; column_padding_phone=&#8221;inherit&#8221; column_padding_position=&#8221;all&#8221; column_element_direction_desktop=&#8221;default&#8221; column_element_spacing=&#8221;default&#8221; desktop_text_alignment=&#8221;default&#8221; tablet_text_alignment=&#8221;default&#8221; phone_text_alignment=&#8221;default&#8221; background_color_opacity=&#8221;1&#8243; background_hover_color_opacity=&#8221;1&#8243; column_backdrop_filter=&#8221;none&#8221; column_shadow=&#8221;none&#8221; column_border_radius=&#8221;none&#8221; column_link_target=&#8221;_self&#8221; column_position=&#8221;default&#8221; gradient_direction=&#8221;left_to_right&#8221; overlay_strength=&#8221;0.3&#8243; width=&#8221;1\/2&#8243; tablet_width_inherit=&#8221;default&#8221; animation_type=&#8221;default&#8221; bg_image_animation=&#8221;none&#8221; border_type=&#8221;simple&#8221; column_border_width=&#8221;none&#8221; column_border_style=&#8221;solid&#8221;][image_with_animation image_url=&#8221;30619&#8243; image_size=&#8221;full&#8221; max_width=&#8221;100%&#8221; max_width_mobile=&#8221;default&#8221; animation_type=&#8221;entrance&#8221; animation=&#8221;None&#8221; animation_movement_type=&#8221;transform_y&#8221; hover_animation=&#8221;none&#8221; alignment=&#8221;&#8221; border_radius=&#8221;20px&#8221; box_shadow=&#8221;none&#8221; image_loading=&#8221;default&#8221;][\/vc_column][\/vc_row][vc_row type=&#8221;in_container&#8221; full_screen_row_position=&#8221;middle&#8221; column_margin=&#8221;default&#8221; column_direction=&#8221;default&#8221; column_direction_tablet=&#8221;default&#8221; column_direction_phone=&#8221;default&#8221; scene_position=&#8221;center&#8221; text_color=&#8221;dark&#8221; text_align=&#8221;left&#8221; row_border_radius=&#8221;none&#8221; row_border_radius_applies=&#8221;bg&#8221; overflow=&#8221;visible&#8221; overlay_strength=&#8221;0.3&#8243; gradient_direction=&#8221;left_to_right&#8221; shape_divider_position=&#8221;bottom&#8221; bg_image_animation=&#8221;none&#8221;][vc_column column_padding=&#8221;no-extra-padding&#8221; column_padding_tablet=&#8221;inherit&#8221; column_padding_phone=&#8221;inherit&#8221; column_padding_position=&#8221;all&#8221; column_element_direction_desktop=&#8221;default&#8221; column_element_spacing=&#8221;default&#8221; desktop_text_alignment=&#8221;default&#8221; tablet_text_alignment=&#8221;default&#8221; phone_text_alignment=&#8221;default&#8221; background_color_opacity=&#8221;1&#8243; background_hover_color_opacity=&#8221;1&#8243; column_backdrop_filter=&#8221;none&#8221; column_shadow=&#8221;none&#8221; column_border_radius=&#8221;none&#8221; column_link_target=&#8221;_self&#8221; column_position=&#8221;default&#8221; gradient_direction=&#8221;left_to_right&#8221; overlay_strength=&#8221;0.3&#8243; width=&#8221;1\/1&#8243; tablet_width_inherit=&#8221;default&#8221; animation_type=&#8221;default&#8221; bg_image_animation=&#8221;none&#8221; border_type=&#8221;simple&#8221; column_border_width=&#8221;none&#8221; column_border_style=&#8221;solid&#8221;][vc_column_text css=&#8221;&#8221; text_direction=&#8221;default&#8221;]<span style=\"font-weight: 400;\">La <a href=\"https:\/\/allocar-martinique.fr\/fr\/agences\/location-voiture-aeroport\/\">location de voiture \u00e0 l\u2019a\u00e9roport<\/a> s\u2019int\u00e8gre ainsi \u00e0 une exp\u00e9rience compl\u00e8te\u202f: elle facilite la logistique et garantit la libert\u00e9 n\u00e9cessaire pour d\u00e9couvrir la Martinique et profiter d\u2019un s\u00e9jour o\u00f9 les activit\u00e9s terrestres et marines s\u2019\u00e9quilibrent parfaitement.<\/span><\/p>\n<p><span style=\"font-weight: 400;\">Voici une FAQ simple et utile portant sur le voyage en Martinique, la location de voiture, et le prix d\u2019une sortie dauphin. Elle r\u00e9pondra pr\u00e9cis\u00e9ment aux questions que se posent la plupart des voyageurs.<\/span>[\/vc_column_text][\/vc_column][\/vc_row][vc_row type=&#8221;in_container&#8221; full_screen_row_position=&#8221;middle&#8221; column_margin=&#8221;default&#8221; column_direction=&#8221;default&#8221; column_direction_tablet=&#8221;default&#8221; column_direction_phone=&#8221;default&#8221; scene_position=&#8221;center&#8221; bottom_padding=&#8221;2%&#8221; text_color=&#8221;dark&#8221; text_align=&#8221;left&#8221; row_border_radius=&#8221;none&#8221; row_border_radius_applies=&#8221;bg&#8221; overflow=&#8221;visible&#8221; overlay_strength=&#8221;0.3&#8243; gradient_direction=&#8221;left_to_right&#8221; shape_divider_position=&#8221;bottom&#8221; bg_image_animation=&#8221;none&#8221; gradient_type=&#8221;default&#8221; shape_type=&#8221;&#8221;][vc_column column_padding=&#8221;no-extra-padding&#8221; column_padding_tablet=&#8221;inherit&#8221; column_padding_phone=&#8221;inherit&#8221; column_padding_position=&#8221;all&#8221; column_element_direction_desktop=&#8221;default&#8221; column_element_spacing=&#8221;default&#8221; desktop_text_alignment=&#8221;default&#8221; tablet_text_alignment=&#8221;default&#8221; phone_text_alignment=&#8221;default&#8221; background_color_opacity=&#8221;1&#8243; background_hover_color_opacity=&#8221;1&#8243; column_backdrop_filter=&#8221;none&#8221; column_shadow=&#8221;none&#8221; column_border_radius=&#8221;none&#8221; column_link_target=&#8221;_self&#8221; column_position=&#8221;default&#8221; gradient_direction=&#8221;left_to_right&#8221; overlay_strength=&#8221;0.3&#8243; width=&#8221;1\/1&#8243; tablet_width_inherit=&#8221;default&#8221; animation_type=&#8221;default&#8221; bg_image_animation=&#8221;none&#8221; border_type=&#8221;simple&#8221; column_border_width=&#8221;none&#8221; column_border_style=&#8221;solid&#8221;][vc_column_text css=&#8221;&#8221; text_direction=&#8221;default&#8221;]\n<h2><b>FAQ \u2013 S\u00e9jour en Martinique<\/b><\/h2>\n<p><b>Faut-il louer une voiture pour visiter la Martinique\u202f?<\/b><b><br \/>\n<\/b><span style=\"font-weight: 400;\"> Oui, la location de voiture est vivement conseill\u00e9e pour explorer l\u2019\u00eele \u00e0 son rythme\u202f: plages, villages, randonn\u00e9es et ports de d\u00e9part d\u2019excursion sont souvent \u00e9loign\u00e9s et mal desservis par les transports publics.<\/span><\/p>\n<p><b>Peut-on r\u00e9server sa voiture \u00e0 l\u2019a\u00e9roport\u202f?<\/b><b><br \/>\n<\/b><span style=\"font-weight: 400;\"> Oui, il est possible de r\u00e9server en ligne et de r\u00e9cup\u00e9rer sa voiture directement \u00e0 l\u2019a\u00e9roport Aim\u00e9 C\u00e9saire, ce qui assure un maximum de libert\u00e9 d\u00e8s l\u2019arriv\u00e9e.<\/span><\/p>\n<p><b>Quelles sont les conditions pour louer une voiture\u202f?<\/b><b><br \/>\n<\/b><span style=\"font-weight: 400;\"> Il faut un permis de conduire valide, une carte bancaire (pour la caution), et parfois une pi\u00e8ce d\u2019identit\u00e9\u202f; l\u2019\u00e2ge minimum varie selon le loueur (en g\u00e9n\u00e9ral 21 \u00e0 23 ans).<\/span><\/p>\n<p><b>O\u00f9 se rendre pour observer les dauphins en Martinique\u202f?<\/b><b><br \/>\n<\/b><span style=\"font-weight: 400;\"> Les principales excursions dauphins partent des ports du sud-ouest, notamment \u00e0 Trois-\u00celets ou Anse \u00e0 l\u2019\u00c2ne.<\/span><\/p>\n<p><b>Combien co\u00fbte en moyenne une sortie dauphin en Martinique\u202f?<\/b><b><br \/>\n<\/b><span style=\"font-weight: 400;\"> Le prix varie selon la dur\u00e9e et le service propos\u00e9\u202f: la plupart des sorties co\u00fbtent entre 55\u202f\u20ac et 70\u202f\u20ac par personne pour une demi-journ\u00e9e d\u2019observation en bateau\u202f; des tarifs groupes ou enfants sont parfois disponibles.<\/span><\/p>\n<p><b>Peut-on r\u00e9server \u00e0 l\u2019avance\u202f?<\/b><b><br \/>\n<\/b><span style=\"font-weight: 400;\"> Oui, il est fortement conseill\u00e9 de r\u00e9server sa sortie dauphin en avance, surtout pendant la haute saison ou les vacances scolaires.<\/span><\/p>\n<p><b>La sortie dauphin est-elle accessible aux familles\u202f?<\/b><b><br \/>\n<\/b><span style=\"font-weight: 400;\"> Oui\u202f: la plupart des bateaux accueillent les enfants (parfois d\u00e8s 3 ans) et proposent des tarifs adapt\u00e9s ; il convient toutefois de s\u2019informer aupr\u00e8s de chaque prestataire sur l\u2019\u00e9quipement et la s\u00e9curit\u00e9.<\/span>[\/vc_column_text][\/vc_column][\/vc_row]\n","protected":false},"excerpt":{"rendered":"<p>[vc_row type=&#8221;in_container&#8221; full_screen_row_position=&#8221;middle&#8221; column_margin=&#8221;default&#8221; column_direction=&#8221;default&#8221; column_direction_tablet=&#8221;default&#8221; column_direction_phone=&#8221;default&#8221; scene_position=&#8221;center&#8221; text_color=&#8221;dark&#8221; text_align=&#8221;left&#8221; row_border_radius=&#8221;none&#8221; row_border_radius_applies=&#8221;bg&#8221; overflow=&#8221;visible&#8221; overlay_strength=&#8221;0.3&#8243; gradient_direction=&#8221;left_to_right&#8221; shape_divider_position=&#8221;bottom&#8221; bg_image_animation=&#8221;none&#8221;][vc_column column_padding=&#8221;padding-3-percent&#8221; column_padding_tablet=&#8221;inherit&#8221; column_padding_phone=&#8221;inherit&#8221; column_padding_position=&#8221;top-bottom&#8221; column_element_direction_desktop=&#8221;default&#8221; column_element_spacing=&#8221;default&#8221; desktop_text_alignment=&#8221;default&#8221; tablet_text_alignment=&#8221;default&#8221; phone_text_alignment=&#8221;default&#8221; background_color_opacity=&#8221;1&#8243; background_hover_color_opacity=&#8221;1&#8243; column_backdrop_filter=&#8221;none&#8221; column_shadow=&#8221;none&#8221;&#8230;<\/p>\n","protected":false},"author":1,"featured_media":0,"parent":0,"menu_order":0,"comment_status":"closed","ping_status":"closed","template":"","meta":{"inline_featured_image":false,"footnotes":""},"class_list":["post-30614","page","type-page","status-publish"],"yoast_head":"<!-- This site is optimized with the Yoast SEO plugin v27.3 - https:\/\/yoast.com\/product\/yoast-seo-wordpress\/ -->\n<title>Entre plages, nature et rencontre des dauphins\u202f: un s\u00e9jour sur mesure en Martinique - Plan\u00e8te dauphins<\/title>\n<meta name=\"robots\" content=\"index, follow, max-snippet:-1, max-image-preview:large, max-video-preview:-1\" \/>\n<link rel=\"canonical\" href=\"https:\/\/planetedauphins.com\/fr\/entre-plages-nature-et-rencontre-des-dauphins\/\" \/>\n<meta property=\"og:locale\" content=\"fr_FR\" \/>\n<meta property=\"og:type\" content=\"article\" \/>\n<meta property=\"og:title\" content=\"Entre plages, nature et rencontre des dauphins\u202f: un s\u00e9jour sur mesure en Martinique - Plan\u00e8te dauphins\" \/>\n<meta property=\"og:description\" content=\"[vc_row type=&#8221;in_container&#8221; full_screen_row_position=&#8221;middle&#8221; column_margin=&#8221;default&#8221; column_direction=&#8221;default&#8221; column_direction_tablet=&#8221;default&#8221; column_direction_phone=&#8221;default&#8221; scene_position=&#8221;center&#8221; text_color=&#8221;dark&#8221; text_align=&#8221;left&#8221; row_border_radius=&#8221;none&#8221; row_border_radius_applies=&#8221;bg&#8221; overflow=&#8221;visible&#8221; overlay_strength=&#8221;0.3&#8243; gradient_direction=&#8221;left_to_right&#8221; shape_divider_position=&#8221;bottom&#8221; bg_image_animation=&#8221;none&#8221;][vc_column column_padding=&#8221;padding-3-percent&#8221; column_padding_tablet=&#8221;inherit&#8221; column_padding_phone=&#8221;inherit&#8221; column_padding_position=&#8221;top-bottom&#8221; column_element_direction_desktop=&#8221;default&#8221; column_element_spacing=&#8221;default&#8221; desktop_text_alignment=&#8221;default&#8221; tablet_text_alignment=&#8221;default&#8221; phone_text_alignment=&#8221;default&#8221; background_color_opacity=&#8221;1&#8243; background_hover_color_opacity=&#8221;1&#8243; column_backdrop_filter=&#8221;none&#8221; column_shadow=&#8221;none&#8221;...\" \/>\n<meta property=\"og:url\" content=\"https:\/\/planetedauphins.com\/fr\/entre-plages-nature-et-rencontre-des-dauphins\/\" \/>\n<meta property=\"og:site_name\" content=\"Plan\u00e8te dauphins\" \/>\n<meta property=\"article:modified_time\" content=\"2025-09-25T14:26:43+00:00\" \/>\n<meta name=\"twitter:card\" content=\"summary_large_image\" \/>\n<meta name=\"twitter:label1\" content=\"Dur\u00e9e de lecture estim\u00e9e\" \/>\n\t<meta name=\"twitter:data1\" content=\"4 minutes\" \/>\n<!-- \/ Yoast SEO plugin. -->","yoast_head_json":{"title":"Entre plages, nature et rencontre des dauphins\u202f: un s\u00e9jour sur mesure en Martinique - Plan\u00e8te dauphins","robots":{"index":"index","follow":"follow","max-snippet":"max-snippet:-1","max-image-preview":"max-image-preview:large","max-video-preview":"max-video-preview:-1"},"canonical":"https:\/\/planetedauphins.com\/fr\/entre-plages-nature-et-rencontre-des-dauphins\/","og_locale":"fr_FR","og_type":"article","og_title":"Entre plages, nature et rencontre des dauphins\u202f: un s\u00e9jour sur mesure en Martinique - Plan\u00e8te dauphins","og_description":"[vc_row type=&#8221;in_container&#8221; full_screen_row_position=&#8221;middle&#8221; column_margin=&#8221;default&#8221; column_direction=&#8221;default&#8221; column_direction_tablet=&#8221;default&#8221; column_direction_phone=&#8221;default&#8221; scene_position=&#8221;center&#8221; text_color=&#8221;dark&#8221; text_align=&#8221;left&#8221; row_border_radius=&#8221;none&#8221; row_border_radius_applies=&#8221;bg&#8221; overflow=&#8221;visible&#8221; overlay_strength=&#8221;0.3&#8243; gradient_direction=&#8221;left_to_right&#8221; shape_divider_position=&#8221;bottom&#8221; bg_image_animation=&#8221;none&#8221;][vc_column column_padding=&#8221;padding-3-percent&#8221; column_padding_tablet=&#8221;inherit&#8221; column_padding_phone=&#8221;inherit&#8221; column_padding_position=&#8221;top-bottom&#8221; column_element_direction_desktop=&#8221;default&#8221; column_element_spacing=&#8221;default&#8221; desktop_text_alignment=&#8221;default&#8221; tablet_text_alignment=&#8221;default&#8221; phone_text_alignment=&#8221;default&#8221; background_color_opacity=&#8221;1&#8243; background_hover_color_opacity=&#8221;1&#8243; column_backdrop_filter=&#8221;none&#8221; column_shadow=&#8221;none&#8221;...","og_url":"https:\/\/planetedauphins.com\/fr\/entre-plages-nature-et-rencontre-des-dauphins\/","og_site_name":"Plan\u00e8te dauphins","article_modified_time":"2025-09-25T14:26:43+00:00","twitter_card":"summary_large_image","twitter_misc":{"Dur\u00e9e de lecture estim\u00e9e":"4 minutes"},"schema":{"@context":"https:\/\/schema.org","@graph":[{"@type":"WebPage","@id":"https:\/\/planetedauphins.com\/fr\/entre-plages-nature-et-rencontre-des-dauphins\/","url":"https:\/\/planetedauphins.com\/fr\/entre-plages-nature-et-rencontre-des-dauphins\/","name":"Entre plages, nature et rencontre des dauphins\u202f: un s\u00e9jour sur mesure en Martinique - Plan\u00e8te dauphins","isPartOf":{"@id":"https:\/\/planetedauphins.com\/fr\/#website"},"datePublished":"2025-09-25T13:40:07+00:00","dateModified":"2025-09-25T14:26:43+00:00","breadcrumb":{"@id":"https:\/\/planetedauphins.com\/fr\/entre-plages-nature-et-rencontre-des-dauphins\/#breadcrumb"},"inLanguage":"fr-FR","potentialAction":[{"@type":"ReadAction","target":["https:\/\/planetedauphins.com\/fr\/entre-plages-nature-et-rencontre-des-dauphins\/"]}]},{"@type":"BreadcrumbList","@id":"https:\/\/planetedauphins.com\/fr\/entre-plages-nature-et-rencontre-des-dauphins\/#breadcrumb","itemListElement":[{"@type":"ListItem","position":1,"name":"Home","item":"https:\/\/planetedauphins.com\/"},{"@type":"ListItem","position":2,"name":"Entre plages, nature et rencontre des dauphins\u202f: un s\u00e9jour sur mesure en Martinique"}]},{"@type":"WebSite","@id":"https:\/\/planetedauphins.com\/fr\/#website","url":"https:\/\/planetedauphins.com\/fr\/","name":"Plan\u00e8te dauphins","description":"","publisher":{"@id":"https:\/\/planetedauphins.com\/fr\/#organization"},"potentialAction":[{"@type":"SearchAction","target":{"@type":"EntryPoint","urlTemplate":"https:\/\/planetedauphins.com\/fr\/?s={search_term_string}"},"query-input":{"@type":"PropertyValueSpecification","valueRequired":true,"valueName":"search_term_string"}}],"inLanguage":"fr-FR"},{"@type":"Organization","@id":"https:\/\/planetedauphins.com\/fr\/#organization","name":"Plan\u00e8te Dauphins","url":"https:\/\/planetedauphins.com\/fr\/","logo":{"@type":"ImageObject","inLanguage":"fr-FR","@id":"https:\/\/planetedauphins.com\/fr\/#\/schema\/logo\/image\/","url":"https:\/\/planetedauphins.com\/wp-content\/uploads\/2021\/07\/Logo-planete-dauphins-1.svg","contentUrl":"https:\/\/planetedauphins.com\/wp-content\/uploads\/2021\/07\/Logo-planete-dauphins-1.svg","width":253,"height":62,"caption":"Plan\u00e8te Dauphins"},"image":{"@id":"https:\/\/planetedauphins.com\/fr\/#\/schema\/logo\/image\/"}}]}},"_links":{"self":[{"href":"https:\/\/planetedauphins.com\/fr\/wp-json\/wp\/v2\/pages\/30614","targetHints":{"allow":["GET"]}}],"collection":[{"href":"https:\/\/planetedauphins.com\/fr\/wp-json\/wp\/v2\/pages"}],"about":[{"href":"https:\/\/planetedauphins.com\/fr\/wp-json\/wp\/v2\/types\/page"}],"author":[{"embeddable":true,"href":"https:\/\/planetedauphins.com\/fr\/wp-json\/wp\/v2\/users\/1"}],"replies":[{"embeddable":true,"href":"https:\/\/planetedauphins.com\/fr\/wp-json\/wp\/v2\/comments?post=30614"}],"version-history":[{"count":17,"href":"https:\/\/planetedauphins.com\/fr\/wp-json\/wp\/v2\/pages\/30614\/revisions"}],"predecessor-version":[{"id":30616,"href":"https:\/\/planetedauphins.com\/fr\/wp-json\/wp\/v2\/pages\/30614\/revisions\/30616"}],"wp:attachment":[{"href":"https:\/\/planetedauphins.com\/fr\/wp-json\/wp\/v2\/media?parent=30614"}],"curies":[{"name":"wp","href":"https:\/\/api.w.org\/{rel}","templated":true}]}}